{"id":11167,"date":"2025-06-23T23:08:53","date_gmt":"2025-06-24T02:08:53","guid":{"rendered":"https:\/\/vansegcorretora.net\/consorcios\/?page_id=11167"},"modified":"2025-06-24T00:31:05","modified_gmt":"2025-06-24T03:31:05","slug":"imoveis-residenciais","status":"publish","type":"page","link":"https:\/\/vansegcorretora.net\/consorcios\/imoveis-residenciais\/","title":{"rendered":"Im\u00f3veis Residenciais"},"content":{"rendered":"<div class=\"wpb-content-wrapper\"><p>[vc_row][vc_column]<style data-type=\"vc_shortcodes-custom-css\">.vc_custom_1750702293750{margin-top: -20px !important;}<\/style>[vc_row css=\".vc_custom_1750702293750{margin-top: -20px !important;}\" woodmart_css_id=\"6859985e90c00\" responsive_spacing=\"eyJwYXJhbV90eXBlIjoid29vZG1hcnRfcmVzcG9uc2l2ZV9zcGFjaW5nIiwic2VsZWN0b3JfaWQiOiI2ODU5OTg1ZTkwYzAwIiwic2hvcnRjb2RlIjoidmNfcm93IiwiZGF0YSI6eyJ0YWJsZXQiOnt9LCJtb2JpbGUiOnt9fX0=\" mobile_bg_img_hidden=\"no\" tablet_bg_img_hidden=\"no\" woodmart_parallax=\"0\" woodmart_gradient_switch=\"no\" woodmart_box_shadow=\"no\" wd_z_index=\"no\" woodmart_disable_overflow=\"0\" row_reverse_mobile=\"0\" row_reverse_tablet=\"0\"][vc_column width=\"1\/2\"][vc_column_text css=\"\" woodmart_inline=\"no\" text_larger=\"no\"]<img fetchpriority=\"high\" decoding=\"async\" class=\"aligncenter wp-image-11082\" src=\"https:\/\/vansegcorretora.net\/consorcios\/wp-content\/uploads\/2025\/06\/Carroussel-Consorcio-3-300x300.png\" alt=\"\" width=\"500\" height=\"500\" srcset=\"https:\/\/vansegcorretora.net\/consorcios\/wp-content\/uploads\/2025\/06\/Carroussel-Consorcio-3-300x300.png 300w, https:\/\/vansegcorretora.net\/consorcios\/wp-content\/uploads\/2025\/06\/Carroussel-Consorcio-3-150x150.png 150w, https:\/\/vansegcorretora.net\/consorcios\/wp-content\/uploads\/2025\/06\/Carroussel-Consorcio-3-120x120.png 120w, https:\/\/vansegcorretora.net\/consorcios\/wp-content\/uploads\/2025\/06\/Carroussel-Consorcio-3-430x430.png 430w, https:\/\/vansegcorretora.net\/consorcios\/wp-content\/uploads\/2025\/06\/Carroussel-Consorcio-3.png 700w\" sizes=\"(max-width: 500px) 100vw, 500px\" \/>[\/vc_column_text][\/vc_column][vc_column width=\"1\/2\"]\n\t\t<div id=\"wd-6859d0ed080ba\" class=\"title-wrapper wd-wpb set-mb-s reset-last-child  wd-animation-slide-from-top wd-animation-normal wd-rs-6859d0ed080ba wd-title-color-default wd-title-style-default text-center  wd-underline-colored\">\n\t\t\t\t\t\t\t<div class=\"title-subtitle  subtitle-color-default font-default subtitle-style-background wd-font-weight- wd-fontsize-xs\">Cons\u00f3rcios<\/div>\n\t\t\t\n\t\t\t<div class=\"liner-continer\">\n\t\t\t\t<h4 class=\"woodmart-title-container title  wd-font-weight- wd-fontsize-l\" >Im\u00f3veis Residenciais<\/h4>\n\t\t\t\t\t\t\t<\/div>\n\t\t\t\n\t\t\t\n\t\t\t\n\t\t<\/div>\n\t\t\n\t\t[vc_column_text css=\"\" woodmart_inline=\"no\" text_larger=\"no\"]\r\n<p class=\"ds-markdown-paragraph\"><span style=\"font-size: 14pt;\">Realize o sonho da\u00a0<strong>casa pr\u00f3pria<\/strong> com parcelas acess\u00edveis\r\ne a garantia de um planejamento financeiro sem sustos.<\/span><\/p>\r\n&nbsp;\r\n<p class=\"ds-markdown-paragraph\"><strong>\u2705 \u00a0Sem d\u00edvidas banc\u00e1rias<\/strong>\u00a0ou avalia\u00e7\u00e3o de cr\u00e9dito.<\/p>\r\n<p class=\"ds-markdown-paragraph\"><strong>\u2705\u00a0 Contempla\u00e7\u00e3o por sorteio ou lance<\/strong>\u00a0(estrat\u00e9gias flex\u00edveis).<\/p>\r\n<p class=\"ds-markdown-paragraph\"><strong>\u2705\u00a0 FGTS pode ser usado<\/strong>\u00a0para aumentar chances de contempla\u00e7\u00e3o.<\/p>\r\n<p class=\"ds-markdown-paragraph\"><strong>\u2705\u00a0 Op\u00e7\u00e3o para reformas<\/strong>\u00a0(ap\u00f3s a aquisi\u00e7\u00e3o do im\u00f3vel).<\/p>\r\n&nbsp;\r\n\r\n[\/vc_column_text][\/vc_column][\/vc_row][\/vc_column][\/vc_row][vc_row][vc_column][vc_separator css=\"\" wd_hide_on_desktop=\"no\" wd_hide_on_tablet=\"no\" wd_hide_on_mobile=\"no\"][\/vc_column][\/vc_row][vc_row][vc_column width=\"2\/3\" css=\".vc_custom_1750734552777{margin-top: -15px !important;margin-bottom: -15px !important;}\" woodmart_css_id=\"685a16d16d446\" parallax_scroll=\"no\" woodmart_sticky_column=\"false\" wd_collapsible_content_switcher=\"no\" wd_column_role_offcanvas_desktop=\"no\" wd_column_role_offcanvas_tablet=\"no\" wd_column_role_offcanvas_mobile=\"no\" wd_column_role_content_desktop=\"no\" wd_column_role_content_tablet=\"no\" wd_column_role_content_mobile=\"no\" mobile_bg_img_hidden=\"no\" tablet_bg_img_hidden=\"no\" woodmart_parallax=\"0\" woodmart_box_shadow=\"no\" responsive_spacing=\"eyJwYXJhbV90eXBlIjoid29vZG1hcnRfcmVzcG9uc2l2ZV9zcGFjaW5nIiwic2VsZWN0b3JfaWQiOiI2ODVhMTZkMTZkNDQ2Iiwic2hvcnRjb2RlIjoidmNfY29sdW1uIiwiZGF0YSI6eyJ0YWJsZXQiOnt9LCJtb2JpbGUiOnt9fX0=\" mobile_reset_margin=\"no\" tablet_reset_margin=\"no\" wd_z_index=\"no\"]\n\t\t<div id=\"wd-685a15f4d5ddf\" class=\"title-wrapper wd-wpb set-mb-s reset-last-child  wd-rs-685a15f4d5ddf wd-title-color-default wd-title-style-default text-center  wd-underline-colored\">\n\t\t\t\t\t\t\t<div class=\"title-subtitle  subtitle-color-default font-default subtitle-style-default wd-font-weight- wd-fontsize-xs\">FAQ<\/div>\n\t\t\t\n\t\t\t<div class=\"liner-continer\">\n\t\t\t\t<h4 class=\"woodmart-title-container title  wd-font-weight- wd-fontsize-l\" >Perguntas Frequentes<\/h4>\n\t\t\t\t\t\t\t<\/div>\n\t\t\t\n\t\t\t\n\t\t\t\n\t\t<\/div>\n\t\t\n\t\t[vc_column_text css=\"\" woodmart_inline=\"no\" text_larger=\"no\"]<section class=\"ac-container\" container_id=\"284092458\" id=\"284092458\"><div class=\"baf_taxonomy_info_container\"><h2>Im\u00f3veis Residenciais<\/h2><\/div><section class=\"ac-container\" container_id=\"4175197575\" id=\"4175197575\"><section class=\"baf_custom_style section_baf_4175197575 ac-container\" container_id=\"4175197575\" data-first_color=\"#FFFFFF\" data-second_color=\"#EAEAEA\" data-label_text_color=\"#777777\" data-accordion_arrow=\"f062\" data-row_open=\"\" data-schema=\"1\" ><div class=\"bwl-faq-container bwl-faq-container-4175197575\" id=\"faq-11194\"><h4 class=\"baf_schema\" label_id=\"ac-category-11194\" parent_container_id=\"4175197575\">Posso adquirir um cons\u00f3rcio para um im\u00f3vel usado?<\/h4><input id=\"ac-category-417519757511194\" name=\"accordion-1\" type=\"checkbox\"><article class=\"ac-medium\" article_id=\"ac-category-11194\"><div class=\"baf_content\"><p>Sim. Voc\u00ea pode adquirir um im\u00f3vel usado. Ao ser contemplado voc\u00ea ser\u00e1 orientado como proceder para qualificar seu im\u00f3vel usado para compra.<\/p>\n<\/div><hr class=\"ultra-fancy-hr\"><div class=\"post-like-container \"><a href='#' data-post_id='11194' data-loading_msg='Please Wait ...' data-info_icon='fa fa-info-circle'> \n                            <span class='post-like baf-vote-btn'><i class='fa fa-thumbs-o-up'><\/i><\/span>\n\t\t\t\t\t\t\t\t\t\t\t\t\t\t<input type=\"hidden\" id=\"_baf_vote_nonce\" name=\"_baf_vote_nonce\" value=\"ab11ff5bdb\" \/><input type=\"hidden\" name=\"_wp_http_referer\" value=\"\/consorcios\/wp-json\/wp\/v2\/pages\/11167\" \/>\n                        <\/a><span class=\"count\">1   pessoas acharam esta pergunta \u00fatil.<\/span><\/div><\/article><\/div><\/section><\/section><\/section>[\/vc_column_text][\/vc_column][vc_column width=\"1\/3\"]\n\t\t<div id=\"wd-685a1bf04b381\" class=\"title-wrapper wd-wpb set-mb-s reset-last-child  wd-rs-685a1bf04b381 wd-title-color-default wd-title-style-default text-center  wd-underline-colored\">\n\t\t\t\t\t\t\t<div class=\"title-subtitle  subtitle-color-default font-default subtitle-style-default wd-font-weight- wd-fontsize-xs\">Fale no WebChat<\/div>\n\t\t\t\n\t\t\t<div class=\"liner-continer\">\n\t\t\t\t<h4 class=\"woodmart-title-container title  wd-font-weight- wd-fontsize-l\" >Assistente Virtual<\/h4>\n\t\t\t\t\t\t\t<\/div>\n\t\t\t\n\t\t\t\t\t\t\t<div class=\"title-after_title  set-cont-mb-s reset-last-child  wd-fontsize-xs\">Clique no bot\u00e3o abaixo para falar com a Isabella!<\/div>\n\t\t\t\n\t\t\t\n\t\t<\/div>\n\t\t\n\t\t[vc_column_text css=\"\" woodmart_inline=\"no\" text_larger=\"no\"]<a href=\"https:\/\/vansegcorretora.net\/consorcios\/webchat\/\" target=\"_blank\" rel=\"noopener\"><img decoding=\"async\" class=\"aligncenter wp-image-10928 size-full\" src=\"https:\/\/vansegcorretora.net\/consorcios\/wp-content\/uploads\/2025\/06\/botao_chat_vanseg.png\" alt=\"\" width=\"78\" height=\"80\" \/><\/a>[\/vc_column_text][\/vc_column][\/vc_row]<\/p>\n<\/div>","protected":false},"excerpt":{"rendered":"<p>[vc_row][vc_column][\/vc_column][\/vc_row][vc_row][vc_column][vc_separator css=\"\" wd_hide_on_desktop=\"no\" wd_hide_on_tablet=\"no\" wd_hide_on_mobile=\"no\"][\/vc_column][\/vc_row][vc_row][vc_column width=\"2\/3\" css=\".vc_custom_1750734552777{margin-top: -15px !important;margin-bottom: -15px !important;}\" woodmart_css_id=\"685a16d16d446\" parallax_scroll=\"no\" woodmart_sticky_column=\"false\" wd_collapsible_content_switcher=\"no\" wd_column_role_offcanvas_desktop=\"no\" wd_column_role_offcanvas_tablet=\"no\" wd_column_role_offcanvas_mobile=\"no\" wd_column_role_content_desktop=\"no\" wd_column_role_content_tablet=\"no\"<\/p>\n","protected":false},"author":1,"featured_media":0,"parent":0,"menu_order":0,"comment_status":"closed","ping_status":"closed","template":"","meta":{"footnotes":""},"class_list":["post-11167","page","type-page","status-publish","hentry"],"_links":{"self":[{"href":"https:\/\/vansegcorretora.net\/consorcios\/wp-json\/wp\/v2\/pages\/11167","targetHints":{"allow":["GET"]}}],"collection":[{"href":"https:\/\/vansegcorretora.net\/consorcios\/wp-json\/wp\/v2\/pages"}],"about":[{"href":"https:\/\/vansegcorretora.net\/consorcios\/wp-json\/wp\/v2\/types\/page"}],"author":[{"embeddable":true,"href":"https:\/\/vansegcorretora.net\/consorcios\/wp-json\/wp\/v2\/users\/1"}],"replies":[{"embeddable":true,"href":"https:\/\/vansegcorretora.net\/consorcios\/wp-json\/wp\/v2\/comments?post=11167"}],"version-history":[{"count":16,"href":"https:\/\/vansegcorretora.net\/consorcios\/wp-json\/wp\/v2\/pages\/11167\/revisions"}],"predecessor-version":[{"id":11196,"href":"https:\/\/vansegcorretora.net\/consorcios\/wp-json\/wp\/v2\/pages\/11167\/revisions\/11196"}],"wp:attachment":[{"href":"https:\/\/vansegcorretora.net\/consorcios\/wp-json\/wp\/v2\/media?parent=11167"}],"curies":[{"name":"wp","href":"https:\/\/api.w.org\/{rel}","templated":true}]}}