{"id":11220,"date":"2025-06-24T01:23:19","date_gmt":"2025-06-24T04:23:19","guid":{"rendered":"https:\/\/vansegcorretora.net\/consorcios\/?page_id=11220"},"modified":"2025-06-24T01:23:19","modified_gmt":"2025-06-24T04:23:19","slug":"motos","status":"publish","type":"page","link":"https:\/\/vansegcorretora.net\/consorcios\/motos\/","title":{"rendered":"Motos"},"content":{"rendered":"<div class=\"wpb-content-wrapper\"><p>[vc_row][vc_column]<style data-type=\"vc_shortcodes-custom-css\">.vc_custom_1750702293750{margin-top: -20px !important;}<\/style>[vc_row css=\".vc_custom_1750702293750{margin-top: -20px !important;}\" woodmart_css_id=\"6859985e90c00\" responsive_spacing=\"eyJwYXJhbV90eXBlIjoid29vZG1hcnRfcmVzcG9uc2l2ZV9zcGFjaW5nIiwic2VsZWN0b3JfaWQiOiI2ODU5OTg1ZTkwYzAwIiwic2hvcnRjb2RlIjoidmNfcm93IiwiZGF0YSI6eyJ0YWJsZXQiOnt9LCJtb2JpbGUiOnt9fX0=\" mobile_bg_img_hidden=\"no\" tablet_bg_img_hidden=\"no\" woodmart_parallax=\"0\" woodmart_gradient_switch=\"no\" woodmart_box_shadow=\"no\" wd_z_index=\"no\" woodmart_disable_overflow=\"0\" row_reverse_mobile=\"0\" row_reverse_tablet=\"0\"][vc_column width=\"1\/2\"][vc_column_text css=\"\" woodmart_inline=\"no\" text_larger=\"no\"]<img fetchpriority=\"high\" decoding=\"async\" class=\"aligncenter wp-image-11078\" src=\"https:\/\/vansegcorretora.net\/consorcios\/wp-content\/uploads\/2025\/06\/Carroussel-Consorcio-1-300x300.png\" alt=\"\" width=\"500\" height=\"500\" srcset=\"https:\/\/vansegcorretora.net\/consorcios\/wp-content\/uploads\/2025\/06\/Carroussel-Consorcio-1-300x300.png 300w, https:\/\/vansegcorretora.net\/consorcios\/wp-content\/uploads\/2025\/06\/Carroussel-Consorcio-1-150x150.png 150w, https:\/\/vansegcorretora.net\/consorcios\/wp-content\/uploads\/2025\/06\/Carroussel-Consorcio-1-120x120.png 120w, https:\/\/vansegcorretora.net\/consorcios\/wp-content\/uploads\/2025\/06\/Carroussel-Consorcio-1-430x430.png 430w, https:\/\/vansegcorretora.net\/consorcios\/wp-content\/uploads\/2025\/06\/Carroussel-Consorcio-1.png 700w\" sizes=\"(max-width: 500px) 100vw, 500px\" \/>[\/vc_column_text][\/vc_column][vc_column width=\"1\/2\"]\n\t\t<div id=\"wd-68599d7e4ca9a\" class=\"title-wrapper wd-wpb set-mb-s reset-last-child  wd-animation-slide-from-top wd-animation-normal wd-rs-68599d7e4ca9a wd-title-color-default wd-title-style-default text-center  wd-underline-colored\">\n\t\t\t\t\t\t\t<div class=\"title-subtitle  subtitle-color-default font-default subtitle-style-background wd-font-weight- wd-fontsize-xs\">Cons\u00f3rcios<\/div>\n\t\t\t\n\t\t\t<div class=\"liner-continer\">\n\t\t\t\t<h4 class=\"woodmart-title-container title  wd-font-weight- wd-fontsize-l\" >Motos<\/h4>\n\t\t\t\t\t\t\t<\/div>\n\t\t\t\n\t\t\t\n\t\t\t\n\t\t<\/div>\n\t\t\n\t\t[vc_column_text css=\"\" woodmart_inline=\"no\" text_larger=\"no\"]\r\n<p class=\"ds-markdown-paragraph\"><span style=\"font-size: 16pt;\"><em>Liberdade sobre duas rodas <strong>sem preocupa\u00e7\u00e3o<\/strong> financeira!<\/em><\/span><\/p>\r\n<p class=\"ds-markdown-paragraph\">\u2705\u00a0<strong>0km ou usada<\/strong>\r\n<em>Adquira sua moto nova ou seminova, com as mesmas vantagens.<\/em><\/p>\r\n<p class=\"ds-markdown-paragraph\">\u2705\u00a0<strong>Prazos acess\u00edveis<\/strong>\r\n<em>Planos de 24 a 80 meses, conforme sua necessidade.<\/em><\/p>\r\n<p class=\"ds-markdown-paragraph\">\u2705\u00a0<strong>Manuten\u00e7\u00e3o inclusa (opcional)<\/strong>\r\n<em>Alguns planos incluem garantia estendida.<\/em><\/p>\r\n[\/vc_column_text][\/vc_column][\/vc_row][\/vc_column][\/vc_row][vc_row][vc_column][vc_separator css=\"\" wd_hide_on_desktop=\"no\" wd_hide_on_tablet=\"no\" wd_hide_on_mobile=\"no\"][\/vc_column][\/vc_row][vc_row][vc_column width=\"2\/3\" css=\".vc_custom_1750734552777{margin-top: -15px !important;margin-bottom: -15px !important;}\" woodmart_css_id=\"685a16d16d446\" parallax_scroll=\"no\" woodmart_sticky_column=\"false\" wd_collapsible_content_switcher=\"no\" wd_column_role_offcanvas_desktop=\"no\" wd_column_role_offcanvas_tablet=\"no\" wd_column_role_offcanvas_mobile=\"no\" wd_column_role_content_desktop=\"no\" wd_column_role_content_tablet=\"no\" wd_column_role_content_mobile=\"no\" mobile_bg_img_hidden=\"no\" tablet_bg_img_hidden=\"no\" woodmart_parallax=\"0\" woodmart_box_shadow=\"no\" responsive_spacing=\"eyJwYXJhbV90eXBlIjoid29vZG1hcnRfcmVzcG9uc2l2ZV9zcGFjaW5nIiwic2VsZWN0b3JfaWQiOiI2ODVhMTZkMTZkNDQ2Iiwic2hvcnRjb2RlIjoidmNfY29sdW1uIiwiZGF0YSI6eyJ0YWJsZXQiOnt9LCJtb2JpbGUiOnt9fX0=\" mobile_reset_margin=\"no\" tablet_reset_margin=\"no\" wd_z_index=\"no\"]\n\t\t<div id=\"wd-685a15f4d5ddf\" class=\"title-wrapper wd-wpb set-mb-s reset-last-child  wd-rs-685a15f4d5ddf wd-title-color-default wd-title-style-default text-center  wd-underline-colored\">\n\t\t\t\t\t\t\t<div class=\"title-subtitle  subtitle-color-default font-default subtitle-style-default wd-font-weight- wd-fontsize-xs\">FAQ<\/div>\n\t\t\t\n\t\t\t<div class=\"liner-continer\">\n\t\t\t\t<h4 class=\"woodmart-title-container title  wd-font-weight- wd-fontsize-l\" >Perguntas Frequentes<\/h4>\n\t\t\t\t\t\t\t<\/div>\n\t\t\t\n\t\t\t\n\t\t\t\n\t\t<\/div>\n\t\t\n\t\t[vc_column_text css=\"\" woodmart_inline=\"no\" text_larger=\"no\"]<section class=\"ac-container\" container_id=\"2851595698\" id=\"2851595698\"><div class=\"baf_taxonomy_info_container\"><h2>Im\u00f3veis Residenciais<\/h2><\/div><section class=\"ac-container\" container_id=\"2102804006\" id=\"2102804006\"><section class=\"baf_custom_style section_baf_2102804006 ac-container\" container_id=\"2102804006\" data-first_color=\"#FFFFFF\" data-second_color=\"#EAEAEA\" data-label_text_color=\"#777777\" data-accordion_arrow=\"f062\" data-row_open=\"\" data-schema=\"1\" ><div class=\"bwl-faq-container bwl-faq-container-2102804006\" id=\"faq-11194\"><h4 class=\"baf_schema\" label_id=\"ac-category-11194\" parent_container_id=\"2102804006\">Posso adquirir um cons\u00f3rcio para um im\u00f3vel usado?<\/h4><input id=\"ac-category-210280400611194\" name=\"accordion-1\" type=\"checkbox\"><article class=\"ac-medium\" article_id=\"ac-category-11194\"><div class=\"baf_content\"><p>Sim. Voc\u00ea pode adquirir um im\u00f3vel usado. Ao ser contemplado voc\u00ea ser\u00e1 orientado como proceder para qualificar seu im\u00f3vel usado para compra.<\/p>\n<\/div><hr class=\"ultra-fancy-hr\"><div class=\"post-like-container \"><a href='#' data-post_id='11194' data-loading_msg='Please Wait ...' data-info_icon='fa fa-info-circle'> \n                            <span class='post-like baf-vote-btn'><i class='fa fa-thumbs-o-up'><\/i><\/span>\n\t\t\t\t\t\t\t\t\t\t\t\t\t\t<input type=\"hidden\" id=\"_baf_vote_nonce\" name=\"_baf_vote_nonce\" value=\"ab11ff5bdb\" \/><input type=\"hidden\" name=\"_wp_http_referer\" value=\"\/consorcios\/wp-json\/wp\/v2\/pages\/11220\" \/>\n                        <\/a><span class=\"count\">1   pessoas acharam esta pergunta \u00fatil.<\/span><\/div><\/article><\/div><\/section><\/section><\/section>[\/vc_column_text][\/vc_column][vc_column width=\"1\/3\"]\n\t\t<div id=\"wd-685a1bf04b381\" class=\"title-wrapper wd-wpb set-mb-s reset-last-child  wd-rs-685a1bf04b381 wd-title-color-default wd-title-style-default text-center  wd-underline-colored\">\n\t\t\t\t\t\t\t<div class=\"title-subtitle  subtitle-color-default font-default subtitle-style-default wd-font-weight- wd-fontsize-xs\">Fale no WebChat<\/div>\n\t\t\t\n\t\t\t<div class=\"liner-continer\">\n\t\t\t\t<h4 class=\"woodmart-title-container title  wd-font-weight- wd-fontsize-l\" >Assistente Virtual<\/h4>\n\t\t\t\t\t\t\t<\/div>\n\t\t\t\n\t\t\t\t\t\t\t<div class=\"title-after_title  set-cont-mb-s reset-last-child  wd-fontsize-xs\">Clique no bot\u00e3o abaixo para falar com a Isabella!<\/div>\n\t\t\t\n\t\t\t\n\t\t<\/div>\n\t\t\n\t\t[vc_column_text css=\"\" woodmart_inline=\"no\" text_larger=\"no\"]<a href=\"https:\/\/vansegcorretora.net\/consorcios\/webchat\/\" target=\"_blank\" rel=\"noopener\"><img decoding=\"async\" class=\"aligncenter wp-image-10928 size-full\" src=\"https:\/\/vansegcorretora.net\/consorcios\/wp-content\/uploads\/2025\/06\/botao_chat_vanseg.png\" alt=\"\" width=\"78\" height=\"80\" \/><\/a>[\/vc_column_text][\/vc_column][\/vc_row]<\/p>\n<\/div>","protected":false},"excerpt":{"rendered":"<p>[vc_row][vc_column][\/vc_column][\/vc_row][vc_row][vc_column][vc_separator css=\"\" wd_hide_on_desktop=\"no\" wd_hide_on_tablet=\"no\" wd_hide_on_mobile=\"no\"][\/vc_column][\/vc_row][vc_row][vc_column width=\"2\/3\" css=\".vc_custom_1750734552777{margin-top: -15px !important;margin-bottom: -15px !important;}\" woodmart_css_id=\"685a16d16d446\" parallax_scroll=\"no\" woodmart_sticky_column=\"false\" wd_collapsible_content_switcher=\"no\" wd_column_role_offcanvas_desktop=\"no\" wd_column_role_offcanvas_tablet=\"no\" wd_column_role_offcanvas_mobile=\"no\" wd_column_role_content_desktop=\"no\" wd_column_role_content_tablet=\"no\"<\/p>\n","protected":false},"author":1,"featured_media":0,"parent":0,"menu_order":0,"comment_status":"closed","ping_status":"closed","template":"","meta":{"footnotes":""},"class_list":["post-11220","page","type-page","status-publish","hentry"],"_links":{"self":[{"href":"https:\/\/vansegcorretora.net\/consorcios\/wp-json\/wp\/v2\/pages\/11220","targetHints":{"allow":["GET"]}}],"collection":[{"href":"https:\/\/vansegcorretora.net\/consorcios\/wp-json\/wp\/v2\/pages"}],"about":[{"href":"https:\/\/vansegcorretora.net\/consorcios\/wp-json\/wp\/v2\/types\/page"}],"author":[{"embeddable":true,"href":"https:\/\/vansegcorretora.net\/consorcios\/wp-json\/wp\/v2\/users\/1"}],"replies":[{"embeddable":true,"href":"https:\/\/vansegcorretora.net\/consorcios\/wp-json\/wp\/v2\/comments?post=11220"}],"version-history":[{"count":1,"href":"https:\/\/vansegcorretora.net\/consorcios\/wp-json\/wp\/v2\/pages\/11220\/revisions"}],"predecessor-version":[{"id":11225,"href":"https:\/\/vansegcorretora.net\/consorcios\/wp-json\/wp\/v2\/pages\/11220\/revisions\/11225"}],"wp:attachment":[{"href":"https:\/\/vansegcorretora.net\/consorcios\/wp-json\/wp\/v2\/media?parent=11220"}],"curies":[{"name":"wp","href":"https:\/\/api.w.org\/{rel}","templated":true}]}}