{"id":9565,"date":"2025-01-24T23:51:40","date_gmt":"2025-01-25T02:51:40","guid":{"rendered":"https:\/\/vansegcorretora.net\/consorcios\/?page_id=9565"},"modified":"2025-04-21T23:16:53","modified_gmt":"2025-04-22T02:16:53","slug":"perguntas-frequentes","status":"publish","type":"page","link":"https:\/\/vansegcorretora.net\/consorcios\/perguntas-frequentes\/","title":{"rendered":"Perguntas Frequentes"},"content":{"rendered":"<div class=\"wpb-content-wrapper\"><p>[vc_row][vc_column css=\".vc_custom_1737775191723{margin-top: -15px !important;}\" woodmart_css_id=\"6794584def823\" parallax_scroll=\"no\" woodmart_sticky_column=\"false\" wd_collapsible_content_switcher=\"no\" wd_column_role_offcanvas_desktop=\"no\" wd_column_role_offcanvas_tablet=\"no\" wd_column_role_offcanvas_mobile=\"no\" wd_column_role_content_desktop=\"no\" wd_column_role_content_tablet=\"no\" wd_column_role_content_mobile=\"no\" mobile_bg_img_hidden=\"no\" tablet_bg_img_hidden=\"no\" woodmart_parallax=\"0\" woodmart_box_shadow=\"no\" responsive_spacing=\"eyJwYXJhbV90eXBlIjoid29vZG1hcnRfcmVzcG9uc2l2ZV9zcGFjaW5nIiwic2VsZWN0b3JfaWQiOiI2Nzk0NTg0ZGVmODIzIiwic2hvcnRjb2RlIjoidmNfY29sdW1uIiwiZGF0YSI6eyJ0YWJsZXQiOnt9LCJtb2JpbGUiOnt9fX0=\" mobile_reset_margin=\"no\" tablet_reset_margin=\"no\" wd_z_index=\"no\"]\n\t\t<div id=\"wd-6806f26084213\" class=\"title-wrapper wd-wpb set-mb-s reset-last-child  wd-animation-slide-from-top wd-animation-normal wd_delay_5 wd-rs-6806f26084213 wd-title-color-default wd-title-style-default text-center  wd-underline-colored\">\n\t\t\t\t\t\t\t<div class=\"title-subtitle  subtitle-color-default font-default subtitle-style-background wd-font-weight- wd-fontsize-xs\">FAQs<\/div>\n\t\t\t\n\t\t\t<div class=\"liner-continer\">\n\t\t\t\t<h4 class=\"woodmart-title-container title  wd-font-weight- wd-fontsize-l\" >Perguntas Frequentes<\/h4>\n\t\t\t\t\t\t\t<\/div>\n\t\t\t\n\t\t\t\t\t\t\t<div class=\"title-after_title  set-cont-mb-s reset-last-child  wd-fontsize-xs\">Leia aqui as principais d\u00favidas de nossos visitantes<\/div>\n\t\t\t\n\t\t\t\n\t\t<\/div>\n\t\t\n\t\t[\/vc_column][\/vc_row][vc_row][vc_column][vc_column_text css=\"\" woodmart_inline=\"no\" text_larger=\"no\"]<section class=\"ac-container\" container_id=\"2491377880\" id=\"2491377880\"><section class=\"baf_custom_style section_baf_2491377880 ac-container\" container_id=\"2491377880\" data-first_color=\"#FFFFFF\" data-second_color=\"#EAEAEA\" data-label_text_color=\"#777777\" data-accordion_arrow=\"f062\" data-row_open=\"\" data-schema=\"1\" ><div class=\"bwl-faq-container bwl-faq-container-2491377880\" id=\"faq-11194\"><h4 class=\"baf_schema\" label_id=\"ac-327151586111194\" parent_container_id=\"2491377880\">Posso adquirir um cons\u00f3rcio para um im\u00f3vel usado?<\/h4><input id=\"ac-3271515861249137788011194\" name=\"accordion-1\" type=\"checkbox\"><article class=\"ac-medium\" article_id=\"ac-327151586111194\"><div class=\"baf_content\"><p>Sim. Voc\u00ea pode adquirir um im\u00f3vel usado. Ao ser contemplado voc\u00ea ser\u00e1 orientado como proceder para qualificar seu im\u00f3vel usado para compra.<\/p>\n<\/div><hr class=\"ultra-fancy-hr\"><div class=\"post-like-container \"><a href='#' data-post_id='11194' data-loading_msg='Please Wait ...' data-info_icon='fa fa-info-circle'> \n                            <span class='post-like baf-vote-btn'><i class='fa fa-thumbs-o-up'><\/i><\/span>\n\t\t\t\t\t\t\t\t\t\t\t\t\t\t<input type=\"hidden\" id=\"_baf_vote_nonce\" name=\"_baf_vote_nonce\" value=\"ab11ff5bdb\" \/><input type=\"hidden\" name=\"_wp_http_referer\" value=\"\/consorcios\/wp-json\/wp\/v2\/pages\/9565\" \/>\n                        <\/a><span class=\"count\">1   pessoas acharam esta pergunta \u00fatil.<\/span><\/div><\/article><\/div><div class=\"bwl-faq-container bwl-faq-container-2491377880\" id=\"faq-9669\"><h4 class=\"baf_schema\" label_id=\"ac-32715158619669\" parent_container_id=\"2491377880\">Quais s\u00e3o as formas de pagamento?<\/h4><input id=\"ac-327151586124913778809669\" name=\"accordion-1\" type=\"checkbox\"><article class=\"ac-medium\" article_id=\"ac-32715158619669\"><div class=\"baf_content\"><p>Aceitamos:<\/p>\n<p>Boleto<br \/>\nCart\u00f5es de Cr\u00e9dito<\/p>\n<\/div><hr class=\"ultra-fancy-hr\"><div class=\"post-like-container \"><a href='#' data-post_id='9669' data-loading_msg='Please Wait ...' data-info_icon='fa fa-info-circle'> \n                            <span class='post-like baf-vote-btn'><i class='fa fa-thumbs-o-up'><\/i><\/span>\n\t\t\t\t\t\t\t\t\t\t\t\t\t\t<input type=\"hidden\" id=\"_baf_vote_nonce\" name=\"_baf_vote_nonce\" value=\"ab11ff5bdb\" \/><input type=\"hidden\" name=\"_wp_http_referer\" value=\"\/consorcios\/wp-json\/wp\/v2\/pages\/9565\" \/>\n                        <\/a><span class=\"count\">1   pessoas acharam esta pergunta \u00fatil.<\/span><\/div><\/article><\/div><\/section><\/section>\n<p>[\/vc_column_text][\/vc_column][\/vc_row]<\/p>\n<\/div>","protected":false},"excerpt":{"rendered":"<p>[vc_row][vc_column css=\".vc_custom_1737775191723{margin-top: -15px !important;}\" woodmart_css_id=\"6794584def823\" parallax_scroll=\"no\" woodmart_sticky_column=\"false\" wd_collapsible_content_switcher=\"no\" wd_column_role_offcanvas_desktop=\"no\" wd_column_role_offcanvas_tablet=\"no\" wd_column_role_offcanvas_mobile=\"no\" wd_column_role_content_desktop=\"no\" wd_column_role_content_tablet=\"no\" wd_column_role_content_mobile=\"no\" mobile_bg_img_hidden=\"no\" tablet_bg_img_hidden=\"no\" woodmart_parallax=\"0\" woodmart_box_shadow=\"no\" responsive_spacing=\"eyJwYXJhbV90eXBlIjoid29vZG1hcnRfcmVzcG9uc2l2ZV9zcGFjaW5nIiwic2VsZWN0b3JfaWQiOiI2Nzk0NTg0ZGVmODIzIiwic2hvcnRjb2RlIjoidmNfY29sdW1uIiwiZGF0YSI6eyJ0YWJsZXQiOnt9LCJtb2JpbGUiOnt9fX0=\" mobile_reset_margin=\"no\"<\/p>\n","protected":false},"author":1,"featured_media":0,"parent":0,"menu_order":0,"comment_status":"closed","ping_status":"closed","template":"","meta":{"footnotes":""},"class_list":["post-9565","page","type-page","status-publish","hentry"],"_links":{"self":[{"href":"https:\/\/vansegcorretora.net\/consorcios\/wp-json\/wp\/v2\/pages\/9565","targetHints":{"allow":["GET"]}}],"collection":[{"href":"https:\/\/vansegcorretora.net\/consorcios\/wp-json\/wp\/v2\/pages"}],"about":[{"href":"https:\/\/vansegcorretora.net\/consorcios\/wp-json\/wp\/v2\/types\/page"}],"author":[{"embeddable":true,"href":"https:\/\/vansegcorretora.net\/consorcios\/wp-json\/wp\/v2\/users\/1"}],"replies":[{"embeddable":true,"href":"https:\/\/vansegcorretora.net\/consorcios\/wp-json\/wp\/v2\/comments?post=9565"}],"version-history":[{"count":15,"href":"https:\/\/vansegcorretora.net\/consorcios\/wp-json\/wp\/v2\/pages\/9565\/revisions"}],"predecessor-version":[{"id":10406,"href":"https:\/\/vansegcorretora.net\/consorcios\/wp-json\/wp\/v2\/pages\/9565\/revisions\/10406"}],"wp:attachment":[{"href":"https:\/\/vansegcorretora.net\/consorcios\/wp-json\/wp\/v2\/media?parent=9565"}],"curies":[{"name":"wp","href":"https:\/\/api.w.org\/{rel}","templated":true}]}}